{"id":191,"date":"2024-06-15T11:23:44","date_gmt":"2024-06-15T11:23:44","guid":{"rendered":"https:\/\/www.ocsciber.com\/index.php\/aviso-legal\/"},"modified":"2024-06-21T08:30:04","modified_gmt":"2024-06-21T08:30:04","slug":"aviso-legal","status":"publish","type":"page","link":"https:\/\/www.ocsciber.com\/index.php\/aviso-legal\/","title":{"rendered":"Aviso Legal"},"content":{"rendered":"<p>Aviso Legal<\/p>\n<p>1. Identificaci\u00f3n del Titular del Sitio Web<\/p>\n<p>En cumplimiento con el deber de informaci\u00f3n estipulado en el art\u00edculo 10 de la Ley 34\/2002, de 11 de julio, de Servicios de la Sociedad de la Informaci\u00f3n y del Comercio Electr\u00f3nico, a continuaci\u00f3n, se reflejan los siguientes datos:<\/p>\n<p>    Titular: Officer Compliance Security S.L.<br \/>\n    Nombre Comercial: Officer Compliance Security S.L.<br \/>\n    CIF\/NIF: B55421911<br \/>\n    Domicilio Social: Calle Murcia 37 Elda<br \/>\n    Correo Electr\u00f3nico: comercial@ocsciber.com<br \/>\n    Tel\u00e9fono: <\/p>\n<p>2. Uso del Sitio Web<\/p>\n<p>El acceso y\/o uso de este portal atribuye la condici\u00f3n de Usuario, que acepta, desde dicho acceso y\/o uso, las condiciones generales de uso aqu\u00ed reflejadas. Las citadas condiciones ser\u00e1n de aplicaci\u00f3n independientemente de las condiciones generales de contrataci\u00f3n que en su caso resulten de obligado cumplimiento.<\/p>\n<p>3. Protecci\u00f3n de Datos Personales<\/p>\n<p>De conformidad con el Reglamento General de Protecci\u00f3n de Datos (RGPD) y dem\u00e1s normativa aplicable, informamos a los usuarios que los datos personales facilitados a trav\u00e9s del sitio web ser\u00e1n tratados por Officer Compliance Security S.L. como responsable del tratamiento con las siguientes finalidades:<\/p>\n<p>Gestionar y responder a sus consultas realizadas a trav\u00e9s de los formularios de contacto.<br \/>\nEnviar comunicaciones comerciales en caso de que as\u00ed lo haya solicitado expresamente.<\/p>\n<p>La base legal para el tratamiento de sus datos es su consentimiento, el cual podr\u00e1 retirar en cualquier momento sin que ello afecte a la licitud del tratamiento basado en el consentimiento previo a su retirada.<\/p>\n<p>El usuario podr\u00e1 ejercer sus derechos de acceso, rectificaci\u00f3n, supresi\u00f3n, oposici\u00f3n, limitaci\u00f3n del tratamiento y portabilidad de sus datos personales mediante escrito dirigido a rgpd@ocsciber.com o a la direcci\u00f3n postal Calle Murcia 37 Elda (Alicante). Tambi\u00e9n tiene derecho a presentar una reclamaci\u00f3n ante la Agencia Espa\u00f1ola de Protecci\u00f3n de Datos si considera que el tratamiento no se ajusta a la normativa vigente.<\/p>\n<p>4. Propiedad Intelectual e Industrial<\/p>\n<p>El dise\u00f1o de este portal y sus c\u00f3digos fuente, as\u00ed como los logos, marcas y dem\u00e1s signos distintivos que aparecen en el mismo, pertenecen a Officer Compliance Security S.L. o a entidades colaboradoras y est\u00e1n protegidos por los correspondientes derechos de propiedad intelectual e industrial.<\/p>\n<p>5. Responsabilidad por los Contenidos<\/p>\n<p>Officer Compliance Security S.L. no se hace responsable de la legalidad de otros sitios web de terceros desde los que pueda accederse al portal. [Nombre de la Empresa] tampoco responde por la legalidad de otros sitios web de terceros, que pudieran estar vinculados o enlazados desde este portal.<\/p>\n<p>Officer Compliance Security S.L. se reserva el derecho a realizar cambios en el sitio web sin previo aviso, al objeto de mantener actualizada su informaci\u00f3n, a\u00f1adiendo, modificando, corrigiendo o eliminando los contenidos publicados o el dise\u00f1o del portal.<\/p>\n<p>6. Legislaci\u00f3n Aplicable y Jurisdicci\u00f3n<\/p>\n<p>La relaci\u00f3n entre Officer Compliance Security S.L. y el Usuario se regir\u00e1 por la normativa espa\u00f1ola vigente. Y siempre que la normativa aplicable establezca la posibilidad para las partes de someterse a un fuero, cualquier controversia entre el titular del sitio web y el usuario se someter\u00e1 a los juzgados y tribunales de la ciudad de Alicante, renunciando expresamente a cualquier otro fuero que pudiera corresponderles.<\/p>\n","protected":false},"excerpt":{"rendered":"","protected":false},"author":2,"featured_media":0,"parent":0,"menu_order":0,"comment_status":"closed","ping_status":"closed","template":"","meta":{"footnotes":""},"class_list":["post-191","page","type-page","status-publish","hentry"],"_links":{"self":[{"href":"https:\/\/www.ocsciber.com\/index.php\/wp-json\/wp\/v2\/pages\/191","targetHints":{"allow":["GET"]}}],"collection":[{"href":"https:\/\/www.ocsciber.com\/index.php\/wp-json\/wp\/v2\/pages"}],"about":[{"href":"https:\/\/www.ocsciber.com\/index.php\/wp-json\/wp\/v2\/types\/page"}],"author":[{"embeddable":true,"href":"https:\/\/www.ocsciber.com\/index.php\/wp-json\/wp\/v2\/users\/2"}],"replies":[{"embeddable":true,"href":"https:\/\/www.ocsciber.com\/index.php\/wp-json\/wp\/v2\/comments?post=191"}],"version-history":[{"count":3,"href":"https:\/\/www.ocsciber.com\/index.php\/wp-json\/wp\/v2\/pages\/191\/revisions"}],"predecessor-version":[{"id":226,"href":"https:\/\/www.ocsciber.com\/index.php\/wp-json\/wp\/v2\/pages\/191\/revisions\/226"}],"wp:attachment":[{"href":"https:\/\/www.ocsciber.com\/index.php\/wp-json\/wp\/v2\/media?parent=191"}],"curies":[{"name":"wp","href":"https:\/\/api.w.org\/{rel}","templated":true}]}}