{"id":193,"date":"2024-06-15T11:23:44","date_gmt":"2024-06-15T11:23:44","guid":{"rendered":"https:\/\/www.ocsciber.com\/index.php\/cookies\/"},"modified":"2024-06-21T08:49:44","modified_gmt":"2024-06-21T08:49:44","slug":"cookies","status":"publish","type":"page","link":"https:\/\/www.ocsciber.com\/index.php\/cookies\/","title":{"rendered":"Pol\u00edtica de Cookies"},"content":{"rendered":"<p>Pol\u00edtica de Cookies<\/p>\n<p>1. \u00bfQu\u00e9 son las Cookies?<\/p>\n<p>Una cookie es un peque\u00f1o archivo de texto que se almacena en su navegador cuando visita casi cualquier p\u00e1gina web. Su utilidad es que el sitio web sea capaz de recordar su visita cuando vuelva a navegar por esa p\u00e1gina. Las cookies suelen almacenar informaci\u00f3n de car\u00e1cter t\u00e9cnico, preferencias personales, personalizaci\u00f3n de contenidos, estad\u00edsticas de uso, enlaces a redes sociales, acceso a cuentas de usuario, etc. El objetivo de la cookie es adaptar el contenido del sitio web a su perfil y necesidades. Sin cookies los servicios ofrecidos por cualquier p\u00e1gina se ver\u00edan mermados notablemente.<\/p>\n<p>2. Tipos de Cookies Utilizadas en Este Sitio Web<\/p>\n<p>En &#8220;Officer Compliance Security&#8221; utilizamos los siguientes tipos de cookies:<\/p>\n<p>    Cookies T\u00e9cnicas: Son aquellas que permiten al usuario la navegaci\u00f3n a trav\u00e9s de una p\u00e1gina web, plataforma o aplicaci\u00f3n y la utilizaci\u00f3n de las diferentes opciones o servicios que en ella existan.<\/p>\n<p>    Cookies de Personalizaci\u00f3n: Son aquellas que permiten al usuario acceder al servicio con algunas caracter\u00edsticas de car\u00e1cter general predefinidas en funci\u00f3n de una serie de criterios en el terminal del usuario como por ejemplo ser\u00edan el idioma, el tipo de navegador a trav\u00e9s del cual accede al servicio, la configuraci\u00f3n regional desde donde accede al servicio, etc.<\/p>\n<p>    Cookies de An\u00e1lisis: Son aquellas que bien tratadas por nosotros o por terceros, nos permiten cuantificar el n\u00famero de usuarios y as\u00ed realizar la medici\u00f3n y an\u00e1lisis estad\u00edstico de la utilizaci\u00f3n que hacen los usuarios del servicio ofertado. Para ello se analiza su navegaci\u00f3n en nuestra p\u00e1gina web con el fin de mejorar la oferta de productos o servicios que le ofrecemos.<\/p>\n<p>    Cookies Publicitarias: Son aquellas que, bien tratadas por nosotros o por terceros, nos permiten gestionar de la forma m\u00e1s eficaz posible la oferta de los espacios publicitarios que hay en la p\u00e1gina web, adecuando el contenido del anuncio al contenido del servicio solicitado o al uso que realice de nuestra p\u00e1gina web. Para ello podemos analizar sus h\u00e1bitos de navegaci\u00f3n en Internet y podemos mostrarle publicidad relacionada con su perfil de navegaci\u00f3n.<\/p>\n<p>3. Cookies de Terceros<\/p>\n<p>Este sitio web puede utilizar servicios de terceros que recopilar\u00e1n informaci\u00f3n con fines estad\u00edsticos, de uso del sitio por parte del usuario y para la prestaci\u00f3n de otros servicios relacionados con la actividad del sitio web y otros servicios de Internet.<\/p>\n<p>En particular, este sitio web utiliza Google Analytics, un servicio anal\u00edtico de web prestado por Google, Inc. con domicilio en Estados Unidos con sede central en 1600 Amphitheatre Parkway, Mountain View, California 94043. Para la prestaci\u00f3n de estos servicios, estos utilizan cookies que recopilan la informaci\u00f3n, incluida la direcci\u00f3n IP del usuario, que ser\u00e1 transmitida, tratada y almacenada por Google en los t\u00e9rminos fijados en la Web Google.com. Incluyendo la posible transmisi\u00f3n de dicha informaci\u00f3n a terceros por razones de exigencia legal o cuando dichos terceros procesen la informaci\u00f3n por cuenta de Google.<\/p>\n<p>4. Aceptaci\u00f3n de la Pol\u00edtica de Cookies<\/p>\n<p>&#8220;Officer Compliance Security&#8221; asume que usted acepta el uso de cookies. No obstante, mostramos informaci\u00f3n sobre nuestra Pol\u00edtica de Cookies en la parte inferior o superior de cualquier p\u00e1gina del portal con cada inicio de sesi\u00f3n con el objeto de que usted sea consciente.<\/p>\n<p>Ante esta informaci\u00f3n es posible llevar a cabo las siguientes acciones:<\/p>\n<p>    Aceptar Cookies: No se volver\u00e1 a visualizar este aviso al acceder a cualquier p\u00e1gina del portal durante la presente sesi\u00f3n.<br \/>\n    Cerrar: Se oculta el aviso en la presente p\u00e1gina.<br \/>\n    Modificar su configuraci\u00f3n: Podr\u00e1 obtener m\u00e1s informaci\u00f3n sobre qu\u00e9 son las cookies, conocer la Pol\u00edtica de Cookies de &#8220;Officer Compliance Security&#8221; y modificar la configuraci\u00f3n de su navegador.<\/p>\n<p>5. C\u00f3mo Modificar la Configuraci\u00f3n de las Cookies<\/p>\n<p>Usted puede restringir, bloquear o borrar las cookies de &#8220;Officer Compliance Security&#8221; o cualquier otra p\u00e1gina web, utilizando su navegador. En cada navegador la operativa es diferente, la funci\u00f3n de &#8216;Ayuda&#8221; le mostrar\u00e1 c\u00f3mo hacerlo.<\/p>\n<p>    Internet Explorer: Configurar Cookies en Internet Explorer<br \/>\n    Firefox: Configurar Cookies en Firefox<br \/>\n    Chrome: Configurar Cookies en Chrome<br \/>\n    Safari: Configurar Cookies en Safari<\/p>\n<p>6. M\u00e1s Informaci\u00f3n Sobre las Cookies<\/p>\n<p>Para m\u00e1s informaci\u00f3n sobre las cookies y su uso, visite Agencia Espa\u00f1ola de Protecci\u00f3n de Datos.<\/p>\n","protected":false},"excerpt":{"rendered":"","protected":false},"author":2,"featured_media":0,"parent":0,"menu_order":0,"comment_status":"closed","ping_status":"closed","template":"","meta":{"footnotes":""},"class_list":["post-193","page","type-page","status-publish","hentry"],"_links":{"self":[{"href":"https:\/\/www.ocsciber.com\/index.php\/wp-json\/wp\/v2\/pages\/193","targetHints":{"allow":["GET"]}}],"collection":[{"href":"https:\/\/www.ocsciber.com\/index.php\/wp-json\/wp\/v2\/pages"}],"about":[{"href":"https:\/\/www.ocsciber.com\/index.php\/wp-json\/wp\/v2\/types\/page"}],"author":[{"embeddable":true,"href":"https:\/\/www.ocsciber.com\/index.php\/wp-json\/wp\/v2\/users\/2"}],"replies":[{"embeddable":true,"href":"https:\/\/www.ocsciber.com\/index.php\/wp-json\/wp\/v2\/comments?post=193"}],"version-history":[{"count":2,"href":"https:\/\/www.ocsciber.com\/index.php\/wp-json\/wp\/v2\/pages\/193\/revisions"}],"predecessor-version":[{"id":243,"href":"https:\/\/www.ocsciber.com\/index.php\/wp-json\/wp\/v2\/pages\/193\/revisions\/243"}],"wp:attachment":[{"href":"https:\/\/www.ocsciber.com\/index.php\/wp-json\/wp\/v2\/media?parent=193"}],"curies":[{"name":"wp","href":"https:\/\/api.w.org\/{rel}","templated":true}]}}